{"id":1070,"date":"2014-04-25T09:05:31","date_gmt":"2014-04-24T23:05:31","guid":{"rendered":"http:\/\/sirenmusic.com.au\/Content\/?page_id=1070"},"modified":"2020-11-03T17:10:30","modified_gmt":"2020-11-03T06:10:30","slug":"groove-electrique","status":"publish","type":"page","link":"https:\/\/www.sirenmusic.com.au\/Content\/groove-electrique\/","title":{"rendered":"Groove Electrique"},"content":{"rendered":"<p style=\"text-align: center;\"><strong><em>Think Ella Fitzgerald, Michael Bubl\u00e9 and Billy Holiday meets Saint-Germain-des-Pr\u00e9s Caf\u00e9 and Caf\u00e9 del Mar.<\/em><\/strong><\/p>\n<p style=\"text-align: center;\"><img loading=\"lazy\" decoding=\"async\" class=\"aligncenter size-medium wp-image-1169\" src=\"https:\/\/www.sirenmusic.com.au\/wp-content\/uploads\/2014\/04\/15A0249-426x640.jpg\" alt=\"\" width=\"426\" height=\"640\" srcset=\"https:\/\/www.sirenmusic.com.au\/wp-content\/uploads\/2014\/04\/15A0249-426x640.jpg 426w, https:\/\/www.sirenmusic.com.au\/wp-content\/uploads\/2014\/04\/15A0249-682x1024.jpg 682w, https:\/\/www.sirenmusic.com.au\/wp-content\/uploads\/2014\/04\/15A0249-100x150.jpg 100w, https:\/\/www.sirenmusic.com.au\/wp-content\/uploads\/2014\/04\/15A0249-64x96.jpg 64w, https:\/\/www.sirenmusic.com.au\/wp-content\/uploads\/2014\/04\/15A0249-25x38.jpg 25w, https:\/\/www.sirenmusic.com.au\/wp-content\/uploads\/2014\/04\/15A0249-143x215.jpg 143w, https:\/\/www.sirenmusic.com.au\/wp-content\/uploads\/2014\/04\/15A0249-200x300.jpg 200w\" sizes=\"auto, (max-width: 426px) 100vw, 426px\" \/><\/p>\n<p><strong>This funky jazz and electro band plays all your favourite cocktail jazz, Latin and Lounge tunes.<\/strong><\/p>\n<p>Combining traditional jazz instruments such as guitar and sax, it is backed by cool electric grooves for a modern spin. No breaks between songs just music.<\/p>\n<p>Directed by the talented Jen Hawley, this new and exciting band will create the smoothest of grooves and a very cool and relaxed ambience. Dress classical elegance or stylish and funky\u2026.you choose.<\/p>\n<h3><span style=\"font-family: arial, helvetica, sans-serif; font-size: 14pt;\"><strong style=\"font-weight: bold;\">Music Demos \u2013 click on the track to listen<\/strong><\/span><\/h3>\n<iframe loading=\"lazy\" width=\"100%\" height=\"450\" scrolling=\"no\" frameborder=\"no\" src=\"https:\/\/w.soundcloud.com\/player?url=http%3A%2F%2Fsoundcloud.com%2Fjen-siren-music%2Fsets%2Fgroove-electrique\"><\/iframe>\n<p style=\"text-align: center;\"><img loading=\"lazy\" decoding=\"async\" class=\"aligncenter size-medium wp-image-1172\" src=\"https:\/\/www.sirenmusic.com.au\/wp-content\/uploads\/2014\/04\/15A0191-426x640.jpg\" alt=\"\" width=\"426\" height=\"640\" srcset=\"https:\/\/www.sirenmusic.com.au\/wp-content\/uploads\/2014\/04\/15A0191-426x640.jpg 426w, https:\/\/www.sirenmusic.com.au\/wp-content\/uploads\/2014\/04\/15A0191-682x1024.jpg 682w, https:\/\/www.sirenmusic.com.au\/wp-content\/uploads\/2014\/04\/15A0191-100x150.jpg 100w, https:\/\/www.sirenmusic.com.au\/wp-content\/uploads\/2014\/04\/15A0191-64x96.jpg 64w, https:\/\/www.sirenmusic.com.au\/wp-content\/uploads\/2014\/04\/15A0191-25x38.jpg 25w, https:\/\/www.sirenmusic.com.au\/wp-content\/uploads\/2014\/04\/15A0191-143x215.jpg 143w, https:\/\/www.sirenmusic.com.au\/wp-content\/uploads\/2014\/04\/15A0191-200x300.jpg 200w\" sizes=\"auto, (max-width: 426px) 100vw, 426px\" \/><\/p>\n<p><strong>Reviews<\/strong><\/p>\n<p><em>\u201cThe night went well and the feedback re your music was fantastic. \u00a0Thanks very much Jen.&#8221;\u00a0<\/em><strong>John Kelly, Benjamin King Money<\/strong><\/p>\n","protected":false},"excerpt":{"rendered":"<p>Think Ella Fitzgerald, Michael Bubl\u00e9 and Billy Holiday meets Saint-Germain-des-Pr\u00e9s Caf\u00e9 and Caf\u00e9 del Mar. This funky jazz and electro band plays all your favourite cocktail jazz, Latin and Lounge tunes. Combining traditional jazz instruments such as guitar and sax, &hellip; <a href=\"https:\/\/www.sirenmusic.com.au\/Content\/groove-electrique\/\">Continue reading <span class=\"meta-nav\">&rarr;<\/span><\/a><\/p>\n","protected":false},"author":1,"featured_media":0,"parent":0,"menu_order":3,"comment_status":"closed","ping_status":"open","template":"","meta":{"footnotes":""},"class_list":["post-1070","page","type-page","status-publish","hentry"],"_links":{"self":[{"href":"https:\/\/www.sirenmusic.com.au\/Content\/wp-json\/wp\/v2\/pages\/1070","targetHints":{"allow":["GET"]}}],"collection":[{"href":"https:\/\/www.sirenmusic.com.au\/Content\/wp-json\/wp\/v2\/pages"}],"about":[{"href":"https:\/\/www.sirenmusic.com.au\/Content\/wp-json\/wp\/v2\/types\/page"}],"author":[{"embeddable":true,"href":"https:\/\/www.sirenmusic.com.au\/Content\/wp-json\/wp\/v2\/users\/1"}],"replies":[{"embeddable":true,"href":"https:\/\/www.sirenmusic.com.au\/Content\/wp-json\/wp\/v2\/comments?post=1070"}],"version-history":[{"count":13,"href":"https:\/\/www.sirenmusic.com.au\/Content\/wp-json\/wp\/v2\/pages\/1070\/revisions"}],"predecessor-version":[{"id":1337,"href":"https:\/\/www.sirenmusic.com.au\/Content\/wp-json\/wp\/v2\/pages\/1070\/revisions\/1337"}],"wp:attachment":[{"href":"https:\/\/www.sirenmusic.com.au\/Content\/wp-json\/wp\/v2\/media?parent=1070"}],"curies":[{"name":"wp","href":"https:\/\/api.w.org\/{rel}","templated":true}]}}